{"id":82,"date":"2022-08-22T13:30:58","date_gmt":"2022-08-22T08:00:58","guid":{"rendered":"https:\/\/manik.in\/site\/?page_id=82"},"modified":"2022-08-22T20:37:24","modified_gmt":"2022-08-22T15:07:24","slug":"chapter-1-sadness-of-arjuna","status":"publish","type":"page","link":"https:\/\/manik.in\/site\/chapter-1-sadness-of-arjuna\/","title":{"rendered":"Chapter 1 Sadness of Arjuna"},"content":{"rendered":"<div id=\"pl-82\"  class=\"panel-layout\" ><div id=\"pg-82-0\"  class=\"panel-grid panel-no-style\" ><div id=\"pgc-82-0-0\"  class=\"panel-grid-cell\" ><div id=\"panel-82-0-0-0\" class=\"so-panel widget widget_sow-editor panel-first-child panel-last-child\" data-index=\"0\" ><div\n\t\t\t\n\t\t\tclass=\"so-widget-sow-editor so-widget-sow-editor-base\"\n\t\t\t\n\t\t><h3 class=\"widget-title\">\u0b2a\u0b4d\u0b30\u0b25\u0b2e \u0b05\u0b27\u0b4d\u0b5f\u0b3e\u0b5f - \u0b05\u0b30\u0b4d\u0b1c\u0b41\u0b28 \u0b2c\u0b3f\u0b37\u0b3e\u0b26 \u0b2f\u0b4b\u0b17 <\/h3>\n<div class=\"siteorigin-widget-tinymce textwidget\">\n\t<p>\u0b09\u0b2a\u0b15\u0b4d\u0b30\u0b2e\u0b23\u0b3f\u0b15\u0b3e<\/p>\n<p>\u0b05\u0b30\u0b4d\u0b1c\u0b41\u0b28 \u0b1c\u0b23\u0b47 \u0b2e\u0b3e\u0b28\u0b2c. \u0b24\u0b3e\u0b19\u0b4d\u0b15 \u0b2a\u0b30\u0b3f\u0b2a\u0b3e\u0b30\u0b4d\u0b36\u0b4d\u0b35\u0b3f\u0b15 \u0b2a\u0b30\u0b3f\u0b38\u0b4d\u0b25\u0b3f\u0b24\u0b3f \u0b2f\u0b4b\u0b09 \u0b2f\u0b41\u0b26\u0b4d\u0b27\u0b30 \u0b2c\u0b3f\u0b2d\u0b40\u0b37\u0b3f\u0b15\u0b3e \u0b28\u0b47\u0b07 \u0b06\u0b38\u0b3f\u0b32\u0b3e \u0b24\u0b3e\u0b15\u0b41 \u0b28\u0b47\u0b07 \u0b38\u0b47 \u0b2c\u0b3f\u0b37\u0b3e\u0b26\u0b17\u0b4d\u0b30\u0b38\u0b4d\u0b24 \u0b39\u0b47\u0b32\u0b47. \u0b0f\u0b39\u0b3f \u0b2a\u0b30\u0b3f\u0b38\u0b4d\u0b25\u0b3f\u0b24\u0b3f \u0b06\u0b2e \u0b38\u0b2e\u0b38\u0b4d\u0b24\u0b19\u0b4d\u0b15\u0b30 \u0b28\u0b41\u0b39\u0b47 \u0b15\u0b3f? \u0b06\u0b2e\u0b47 \u0b06\u0b2e\u0b30 \u0b2a\u0b30\u0b3f\u0b2c\u0b47\u0b36 \u0b13 \u0b2a\u0b30\u0b3f\u0b38\u0b4d\u0b25\u0b3f\u0b24\u0b3f \u0b15\u0b41 \u0b28\u0b47\u0b07 \u0b2c\u0b3f\u0b2d\u0b3f\u0b28\u0b4d\u0b28 \u0b1a\u0b3f\u0b28\u0b4d\u0b24\u0b3e \u0b13 \u0b38\u0b02\u0b18\u0b30\u0b4d\u0b37 \u0b2e\u0b27\u0b4d\u0b5f\u0b30\u0b47 \u0b28\u0b3e\u0b39\u0b41\u0b01 \u0b15\u0b3f? \u0b0f\u0b07 \u0b38\u0b2c\u0b41 \u0b2e\u0b3e\u0b28\u0b38\u0b3f\u0b15 \u0b38\u0b02\u0b18\u0b30\u0b4d\u0b37\u0b30 \u0b2d\u0b42\u0b2e\u0b3f\u0b15\u0b3e\u0b30 \u0b09\u0b2a\u0b38\u0b4d\u0b25\u0b3e\u0b2a\u0b28\u0b3e \u0b15\u0b30\u0b47 \u0b2d\u0b17\u0b2c\u0b24 \u0b17\u0b40\u0b24\u0b3e\u0b30 \u0b2a\u0b4d\u0b30\u0b25\u0b2e \u0b05\u0b27\u0b4d\u0b5f\u0b3e\u0b5f.<\/p>\n<\/div>\n<\/div><\/div><\/div><\/div><div id=\"pg-82-1\"  class=\"panel-grid panel-no-style\" ><div id=\"pgc-82-1-0\"  class=\"panel-grid-cell\" ><div id=\"panel-82-1-0-0\" class=\"so-panel widget widget_sow-editor panel-first-child panel-last-child\" data-index=\"1\" ><div\n\t\t\t\n\t\t\tclass=\"so-widget-sow-editor so-widget-sow-editor-base\"\n\t\t\t\n\t\t><h3 class=\"widget-title\">\u0905\u0930\u094d\u091c\u0941\u0928\u0935\u093f\u0937\u093e\u0926\u092f\u094b\u0917<\/h3>\n<div class=\"siteorigin-widget-tinymce textwidget\">\n\t<p>\u0927\u0943\u0924\u0930\u093e\u0937\u094d\u091f\u094d\u0930 \u0909\u0935\u093e\u091a<br \/>\n\u0927\u0930\u094d\u092e\u0915\u094d\u0937\u0947\u0924\u094d\u0930\u0947 \u0915\u0941\u0930\u0941\u0915\u094d\u0937\u0947\u0924\u094d\u0930\u0947 \u0938\u092e\u0935\u0947\u0924\u093e \u092f\u0941\u092f\u0941\u0924\u094d\u0938\u0935\u0903 \u0964<br \/>\n\u092e\u093e\u092e\u0915\u093e\u0903 \u092a\u093e\u0923\u094d\u0921\u0935\u093e\u0936\u094d\u091a\u0948\u0935 \u0915\u093f\u092e\u0915\u0941\u0930\u094d\u0935\u0924 \u0938\u0902\u091c\u092f \u09651-1\u0965<\/p>\n<p>dh\u1e5bitar\u0101\u015bhtra uv\u0101cha<br \/>\ndharma-k\u1e63hetre kuru-k\u1e63hetre samavet\u0101 yuyutsava\u1e25<br \/>\nm\u0101mak\u0101\u1e25 p\u0101\u1e47\u1e0dav\u0101\u015bhchaiva kimakurvata sa\u00f1jaya<\/p>\n<p>Before the war starts, the blind king Dhritarashtra is asking his specially sighted visionary charioteer Sanjaya. He asked what his own kins and Pandavas are doing in the land of righteousness Kurukshetra.<\/p>\n<p>Note (Takeaway):<\/p>\n<ol>\n<li>His partisan question is quite evident. He did not consider Pandavas as his own even though they respected him a lot as the paternal uncle and king.<\/li>\n<li>Kurukshetra is a special land, the king has revered it as the land of righteousness.<\/li>\n<li>By referring to Yuyutsavah he knew that fight will ensue.<\/li>\n<li>Some believe that the king was blind by his lust for power and with blind love for his sons. He was provided by his godfather Vyasa with a person with divine vision who was also his charioteer Sanjaya who will help him understand the right and wrongs. How far he accepts the good words of Sanjaya remains to be seen.<\/li>\n<\/ol>\n<p>&nbsp;<\/p>\n<\/div>\n<\/div><\/div><\/div><\/div><\/div>","protected":false},"excerpt":{"rendered":"<p>\u0b09\u0b2a\u0b15\u0b4d\u0b30\u0b2e\u0b23\u0b3f\u0b15\u0b3e \u0b05\u0b30\u0b4d\u0b1c\u0b41\u0b28 \u0b1c\u0b23\u0b47 \u0b2e\u0b3e\u0b28\u0b2c. \u0b24\u0b3e\u0b19\u0b4d\u0b15 \u0b2a\u0b30\u0b3f\u0b2a\u0b3e\u0b30\u0b4d\u0b36\u0b4d\u0b35\u0b3f\u0b15 \u0b2a\u0b30\u0b3f\u0b38\u0b4d\u0b25\u0b3f\u0b24\u0b3f \u0b2f\u0b4b\u0b09 \u0b2f\u0b41\u0b26\u0b4d\u0b27\u0b30 \u0b2c\u0b3f\u0b2d\u0b40\u0b37\u0b3f\u0b15\u0b3e \u0b28\u0b47\u0b07 \u0b06\u0b38\u0b3f\u0b32\u0b3e \u0b24\u0b3e\u0b15\u0b41 \u0b28\u0b47\u0b07 \u0b38\u0b47 \u0b2c\u0b3f\u0b37\u0b3e\u0b26\u0b17\u0b4d\u0b30\u0b38\u0b4d\u0b24 \u0b39\u0b47\u0b32\u0b47. \u0b0f\u0b39\u0b3f \u0b2a\u0b30\u0b3f\u0b38\u0b4d\u0b25\u0b3f\u0b24\u0b3f \u0b06\u0b2e \u0b38\u0b2e\u0b38\u0b4d\u0b24\u0b19\u0b4d\u0b15\u0b30 \u0b28\u0b41\u0b39\u0b47 \u0b15\u0b3f? \u0b06\u0b2e\u0b47 \u0b06\u0b2e\u0b30 \u0b2a\u0b30\u0b3f\u0b2c\u0b47\u0b36 \u0b13 \u0b2a\u0b30\u0b3f\u0b38\u0b4d\u0b25\u0b3f\u0b24\u0b3f \u0b15\u0b41 \u0b28\u0b47\u0b07 \u0b2c\u0b3f\u0b2d\u0b3f\u0b28\u0b4d\u0b28 \u0b1a\u0b3f\u0b28\u0b4d\u0b24\u0b3e \u0b13 \u0b38\u0b02\u0b18\u0b30\u0b4d\u0b37 \u0b2e\u0b27\u0b4d\u0b5f\u0b30\u0b47 \u0b28\u0b3e\u0b39\u0b41\u0b01 \u0b15\u0b3f? \u0b0f\u0b07 \u0b38\u0b2c\u0b41 \u0b2e\u0b3e\u0b28\u0b38\u0b3f\u0b15 [&hellip;]<\/p>\n","protected":false},"author":1,"featured_media":0,"parent":0,"menu_order":0,"comment_status":"closed","ping_status":"closed","template":"","meta":{"ub_ctt_via":"","advgb_blocks_editor_width":"","advgb_blocks_columns_visual_guide":""},"categories":[8],"tags":[],"featured_image_src":null,"yoast_head":"<!-- This site is optimized with the Yoast SEO plugin v19.13 - https:\/\/yoast.com\/wordpress\/plugins\/seo\/ -->\n<title>Chapter 1 Sadness of Arjuna - Manik Sir&#039;s web<\/title>\n<meta name=\"robots\" content=\"index, follow, max-snippet:-1, max-image-preview:large, max-video-preview:-1\" \/>\n<link rel=\"canonical\" href=\"https:\/\/manik.in\/site\/chapter-1-sadness-of-arjuna\/\" \/>\n<meta property=\"og:locale\" content=\"en_US\" \/>\n<meta property=\"og:type\" content=\"article\" \/>\n<meta property=\"og:title\" content=\"Chapter 1 Sadness of Arjuna - Manik Sir&#039;s web\" \/>\n<meta property=\"og:description\" content=\"\u0b09\u0b2a\u0b15\u0b4d\u0b30\u0b2e\u0b23\u0b3f\u0b15\u0b3e \u0b05\u0b30\u0b4d\u0b1c\u0b41\u0b28 \u0b1c\u0b23\u0b47 \u0b2e\u0b3e\u0b28\u0b2c. \u0b24\u0b3e\u0b19\u0b4d\u0b15 \u0b2a\u0b30\u0b3f\u0b2a\u0b3e\u0b30\u0b4d\u0b36\u0b4d\u0b35\u0b3f\u0b15 \u0b2a\u0b30\u0b3f\u0b38\u0b4d\u0b25\u0b3f\u0b24\u0b3f \u0b2f\u0b4b\u0b09 \u0b2f\u0b41\u0b26\u0b4d\u0b27\u0b30 \u0b2c\u0b3f\u0b2d\u0b40\u0b37\u0b3f\u0b15\u0b3e \u0b28\u0b47\u0b07 \u0b06\u0b38\u0b3f\u0b32\u0b3e \u0b24\u0b3e\u0b15\u0b41 \u0b28\u0b47\u0b07 \u0b38\u0b47 \u0b2c\u0b3f\u0b37\u0b3e\u0b26\u0b17\u0b4d\u0b30\u0b38\u0b4d\u0b24 \u0b39\u0b47\u0b32\u0b47. \u0b0f\u0b39\u0b3f \u0b2a\u0b30\u0b3f\u0b38\u0b4d\u0b25\u0b3f\u0b24\u0b3f \u0b06\u0b2e \u0b38\u0b2e\u0b38\u0b4d\u0b24\u0b19\u0b4d\u0b15\u0b30 \u0b28\u0b41\u0b39\u0b47 \u0b15\u0b3f? \u0b06\u0b2e\u0b47 \u0b06\u0b2e\u0b30 \u0b2a\u0b30\u0b3f\u0b2c\u0b47\u0b36 \u0b13 \u0b2a\u0b30\u0b3f\u0b38\u0b4d\u0b25\u0b3f\u0b24\u0b3f \u0b15\u0b41 \u0b28\u0b47\u0b07 \u0b2c\u0b3f\u0b2d\u0b3f\u0b28\u0b4d\u0b28 \u0b1a\u0b3f\u0b28\u0b4d\u0b24\u0b3e \u0b13 \u0b38\u0b02\u0b18\u0b30\u0b4d\u0b37 \u0b2e\u0b27\u0b4d\u0b5f\u0b30\u0b47 \u0b28\u0b3e\u0b39\u0b41\u0b01 \u0b15\u0b3f? \u0b0f\u0b07 \u0b38\u0b2c\u0b41 \u0b2e\u0b3e\u0b28\u0b38\u0b3f\u0b15 [&hellip;]\" \/>\n<meta property=\"og:url\" content=\"https:\/\/manik.in\/site\/chapter-1-sadness-of-arjuna\/\" \/>\n<meta property=\"og:site_name\" content=\"Manik Sir&#039;s web\" \/>\n<meta property=\"article:modified_time\" content=\"2022-08-22T15:07:24+00:00\" \/>\n<meta name=\"twitter:card\" content=\"summary_large_image\" \/>\n<meta name=\"twitter:label1\" content=\"Est. reading time\" \/>\n\t<meta name=\"twitter:data1\" content=\"1 minute\" \/>\n<script type=\"application\/ld+json\" class=\"yoast-schema-graph\">{\"@context\":\"https:\/\/schema.org\",\"@graph\":[{\"@type\":\"WebPage\",\"@id\":\"https:\/\/manik.in\/site\/chapter-1-sadness-of-arjuna\/\",\"url\":\"https:\/\/manik.in\/site\/chapter-1-sadness-of-arjuna\/\",\"name\":\"Chapter 1 Sadness of Arjuna - Manik Sir&#039;s web\",\"isPartOf\":{\"@id\":\"https:\/\/manik.in\/site\/#website\"},\"datePublished\":\"2022-08-22T08:00:58+00:00\",\"dateModified\":\"2022-08-22T15:07:24+00:00\",\"breadcrumb\":{\"@id\":\"https:\/\/manik.in\/site\/chapter-1-sadness-of-arjuna\/#breadcrumb\"},\"inLanguage\":\"en-US\",\"potentialAction\":[{\"@type\":\"ReadAction\",\"target\":[\"https:\/\/manik.in\/site\/chapter-1-sadness-of-arjuna\/\"]}]},{\"@type\":\"BreadcrumbList\",\"@id\":\"https:\/\/manik.in\/site\/chapter-1-sadness-of-arjuna\/#breadcrumb\",\"itemListElement\":[{\"@type\":\"ListItem\",\"position\":1,\"name\":\"Home\",\"item\":\"https:\/\/manik.in\/site\/\"},{\"@type\":\"ListItem\",\"position\":2,\"name\":\"Chapter 1 Sadness of Arjuna\"}]},{\"@type\":\"WebSite\",\"@id\":\"https:\/\/manik.in\/site\/#website\",\"url\":\"https:\/\/manik.in\/site\/\",\"name\":\"Manik Sir&#039;s web\",\"description\":\"&quot;Presence of doubt is the proof of intelligence.&quot;\",\"publisher\":{\"@id\":\"https:\/\/manik.in\/site\/#organization\"},\"potentialAction\":[{\"@type\":\"SearchAction\",\"target\":{\"@type\":\"EntryPoint\",\"urlTemplate\":\"https:\/\/manik.in\/site\/?s={search_term_string}\"},\"query-input\":\"required name=search_term_string\"}],\"inLanguage\":\"en-US\"},{\"@type\":\"Organization\",\"@id\":\"https:\/\/manik.in\/site\/#organization\",\"name\":\"Manik Sir&#039;s web\",\"url\":\"https:\/\/manik.in\/site\/\",\"logo\":{\"@type\":\"ImageObject\",\"inLanguage\":\"en-US\",\"@id\":\"https:\/\/manik.in\/site\/#\/schema\/logo\/image\/\",\"url\":\"https:\/\/manik.in\/site\/wp-content\/uploads\/2020\/08\/cropped-logo-2.png\",\"contentUrl\":\"https:\/\/manik.in\/site\/wp-content\/uploads\/2020\/08\/cropped-logo-2.png\",\"width\":250,\"height\":106,\"caption\":\"Manik Sir&#039;s web\"},\"image\":{\"@id\":\"https:\/\/manik.in\/site\/#\/schema\/logo\/image\/\"}}]}<\/script>\n<!-- \/ Yoast SEO plugin. -->","yoast_head_json":{"title":"Chapter 1 Sadness of Arjuna - Manik Sir&#039;s web","robots":{"index":"index","follow":"follow","max-snippet":"max-snippet:-1","max-image-preview":"max-image-preview:large","max-video-preview":"max-video-preview:-1"},"canonical":"https:\/\/manik.in\/site\/chapter-1-sadness-of-arjuna\/","og_locale":"en_US","og_type":"article","og_title":"Chapter 1 Sadness of Arjuna - Manik Sir&#039;s web","og_description":"\u0b09\u0b2a\u0b15\u0b4d\u0b30\u0b2e\u0b23\u0b3f\u0b15\u0b3e \u0b05\u0b30\u0b4d\u0b1c\u0b41\u0b28 \u0b1c\u0b23\u0b47 \u0b2e\u0b3e\u0b28\u0b2c. \u0b24\u0b3e\u0b19\u0b4d\u0b15 \u0b2a\u0b30\u0b3f\u0b2a\u0b3e\u0b30\u0b4d\u0b36\u0b4d\u0b35\u0b3f\u0b15 \u0b2a\u0b30\u0b3f\u0b38\u0b4d\u0b25\u0b3f\u0b24\u0b3f \u0b2f\u0b4b\u0b09 \u0b2f\u0b41\u0b26\u0b4d\u0b27\u0b30 \u0b2c\u0b3f\u0b2d\u0b40\u0b37\u0b3f\u0b15\u0b3e \u0b28\u0b47\u0b07 \u0b06\u0b38\u0b3f\u0b32\u0b3e \u0b24\u0b3e\u0b15\u0b41 \u0b28\u0b47\u0b07 \u0b38\u0b47 \u0b2c\u0b3f\u0b37\u0b3e\u0b26\u0b17\u0b4d\u0b30\u0b38\u0b4d\u0b24 \u0b39\u0b47\u0b32\u0b47. \u0b0f\u0b39\u0b3f \u0b2a\u0b30\u0b3f\u0b38\u0b4d\u0b25\u0b3f\u0b24\u0b3f \u0b06\u0b2e \u0b38\u0b2e\u0b38\u0b4d\u0b24\u0b19\u0b4d\u0b15\u0b30 \u0b28\u0b41\u0b39\u0b47 \u0b15\u0b3f? \u0b06\u0b2e\u0b47 \u0b06\u0b2e\u0b30 \u0b2a\u0b30\u0b3f\u0b2c\u0b47\u0b36 \u0b13 \u0b2a\u0b30\u0b3f\u0b38\u0b4d\u0b25\u0b3f\u0b24\u0b3f \u0b15\u0b41 \u0b28\u0b47\u0b07 \u0b2c\u0b3f\u0b2d\u0b3f\u0b28\u0b4d\u0b28 \u0b1a\u0b3f\u0b28\u0b4d\u0b24\u0b3e \u0b13 \u0b38\u0b02\u0b18\u0b30\u0b4d\u0b37 \u0b2e\u0b27\u0b4d\u0b5f\u0b30\u0b47 \u0b28\u0b3e\u0b39\u0b41\u0b01 \u0b15\u0b3f? \u0b0f\u0b07 \u0b38\u0b2c\u0b41 \u0b2e\u0b3e\u0b28\u0b38\u0b3f\u0b15 [&hellip;]","og_url":"https:\/\/manik.in\/site\/chapter-1-sadness-of-arjuna\/","og_site_name":"Manik Sir&#039;s web","article_modified_time":"2022-08-22T15:07:24+00:00","twitter_card":"summary_large_image","twitter_misc":{"Est. reading time":"1 minute"},"schema":{"@context":"https:\/\/schema.org","@graph":[{"@type":"WebPage","@id":"https:\/\/manik.in\/site\/chapter-1-sadness-of-arjuna\/","url":"https:\/\/manik.in\/site\/chapter-1-sadness-of-arjuna\/","name":"Chapter 1 Sadness of Arjuna - Manik Sir&#039;s web","isPartOf":{"@id":"https:\/\/manik.in\/site\/#website"},"datePublished":"2022-08-22T08:00:58+00:00","dateModified":"2022-08-22T15:07:24+00:00","breadcrumb":{"@id":"https:\/\/manik.in\/site\/chapter-1-sadness-of-arjuna\/#breadcrumb"},"inLanguage":"en-US","potentialAction":[{"@type":"ReadAction","target":["https:\/\/manik.in\/site\/chapter-1-sadness-of-arjuna\/"]}]},{"@type":"BreadcrumbList","@id":"https:\/\/manik.in\/site\/chapter-1-sadness-of-arjuna\/#breadcrumb","itemListElement":[{"@type":"ListItem","position":1,"name":"Home","item":"https:\/\/manik.in\/site\/"},{"@type":"ListItem","position":2,"name":"Chapter 1 Sadness of Arjuna"}]},{"@type":"WebSite","@id":"https:\/\/manik.in\/site\/#website","url":"https:\/\/manik.in\/site\/","name":"Manik Sir&#039;s web","description":"&quot;Presence of doubt is the proof of intelligence.&quot;","publisher":{"@id":"https:\/\/manik.in\/site\/#organization"},"potentialAction":[{"@type":"SearchAction","target":{"@type":"EntryPoint","urlTemplate":"https:\/\/manik.in\/site\/?s={search_term_string}"},"query-input":"required name=search_term_string"}],"inLanguage":"en-US"},{"@type":"Organization","@id":"https:\/\/manik.in\/site\/#organization","name":"Manik Sir&#039;s web","url":"https:\/\/manik.in\/site\/","logo":{"@type":"ImageObject","inLanguage":"en-US","@id":"https:\/\/manik.in\/site\/#\/schema\/logo\/image\/","url":"https:\/\/manik.in\/site\/wp-content\/uploads\/2020\/08\/cropped-logo-2.png","contentUrl":"https:\/\/manik.in\/site\/wp-content\/uploads\/2020\/08\/cropped-logo-2.png","width":250,"height":106,"caption":"Manik Sir&#039;s web"},"image":{"@id":"https:\/\/manik.in\/site\/#\/schema\/logo\/image\/"}}]}},"coauthors":[],"author_meta":{"author_link":"https:\/\/manik.in\/site\/author\/myselfmanik-in\/","display_name":"myself@manik.in"},"relative_dates":{"created":"Posted 4 years ago","modified":"Updated 4 years ago"},"absolute_dates":{"created":"Posted on August 22, 2022","modified":"Updated on August 22, 2022"},"absolute_dates_time":{"created":"Posted on August 22, 2022 1:30 pm","modified":"Updated on August 22, 2022 8:37 pm"},"featured_img_caption":"","featured_img":false,"series_order":"","_links":{"self":[{"href":"https:\/\/manik.in\/site\/wp-json\/wp\/v2\/pages\/82"}],"collection":[{"href":"https:\/\/manik.in\/site\/wp-json\/wp\/v2\/pages"}],"about":[{"href":"https:\/\/manik.in\/site\/wp-json\/wp\/v2\/types\/page"}],"author":[{"embeddable":true,"href":"https:\/\/manik.in\/site\/wp-json\/wp\/v2\/users\/1"}],"replies":[{"embeddable":true,"href":"https:\/\/manik.in\/site\/wp-json\/wp\/v2\/comments?post=82"}],"version-history":[{"count":3,"href":"https:\/\/manik.in\/site\/wp-json\/wp\/v2\/pages\/82\/revisions"}],"predecessor-version":[{"id":93,"href":"https:\/\/manik.in\/site\/wp-json\/wp\/v2\/pages\/82\/revisions\/93"}],"wp:attachment":[{"href":"https:\/\/manik.in\/site\/wp-json\/wp\/v2\/media?parent=82"}],"wp:term":[{"taxonomy":"category","embeddable":true,"href":"https:\/\/manik.in\/site\/wp-json\/wp\/v2\/categories?post=82"},{"taxonomy":"post_tag","embeddable":true,"href":"https:\/\/manik.in\/site\/wp-json\/wp\/v2\/tags?post=82"}],"curies":[{"name":"wp","href":"https:\/\/api.w.org\/{rel}","templated":true}]}}